{"id":20,"date":"2019-03-17T06:01:22","date_gmt":"2019-03-17T06:01:22","guid":{"rendered":"http:\/\/sublimesinterieurs.com\/?page_id=20"},"modified":"2024-12-03T15:41:45","modified_gmt":"2024-12-03T15:41:45","slug":"contact","status":"publish","type":"page","link":"https:\/\/www.sublimesinterieurs.com\/index.php\/contact\/","title":{"rendered":"Contact"},"content":{"rendered":"\t\t<div data-elementor-type=\"wp-post\" data-elementor-id=\"20\" class=\"elementor elementor-20\">\n\t\t\t\t\t\t<section class=\"elementor-section elementor-top-section elementor-element elementor-element-b418271 elementor-section-boxed elementor-section-height-default elementor-section-height-default\" data-id=\"b418271\" data-element_type=\"section\" data-e-type=\"section\">\n\t\t\t\t\t\t<div class=\"elementor-container elementor-column-gap-default\">\n\t\t\t\t\t<div class=\"elementor-column elementor-col-100 elementor-top-column elementor-element elementor-element-2b9d0cb\" data-id=\"2b9d0cb\" data-element_type=\"column\" data-e-type=\"column\">\n\t\t\t<div class=\"elementor-widget-wrap elementor-element-populated\">\n\t\t\t\t\t\t<div class=\"elementor-element elementor-element-768b717 elementor-widget elementor-widget-heading\" data-id=\"768b717\" data-element_type=\"widget\" data-e-type=\"widget\" data-widget_type=\"heading.default\">\n\t\t\t\t<div class=\"elementor-widget-container\">\n\t\t\t\t\t<h1 class=\"elementor-heading-title elementor-size-default\">PARLONS DE VOTRE PROJET DE R\u00c9NOVATION INT\u00c9RIEURE<\/h1>\t\t\t\t<\/div>\n\t\t\t\t<\/div>\n\t\t\t\t\t<\/div>\n\t\t<\/div>\n\t\t\t\t\t<\/div>\n\t\t<\/section>\n\t\t\t\t<section class=\"elementor-section elementor-top-section elementor-element elementor-element-c1800a9 elementor-section-boxed elementor-section-height-default elementor-section-height-default\" data-id=\"c1800a9\" data-element_type=\"section\" data-e-type=\"section\">\n\t\t\t\t\t\t<div class=\"elementor-container elementor-column-gap-default\">\n\t\t\t\t\t<div class=\"elementor-column elementor-col-100 elementor-top-column elementor-element elementor-element-073a7d4\" data-id=\"073a7d4\" data-element_type=\"column\" data-e-type=\"column\">\n\t\t\t<div class=\"elementor-widget-wrap elementor-element-populated\">\n\t\t\t\t\t\t<div class=\"elementor-element elementor-element-8817fe8 elementor-widget-divider--view-line elementor-invisible elementor-widget elementor-widget-divider\" data-id=\"8817fe8\" data-element_type=\"widget\" data-e-type=\"widget\" data-settings=\"{&quot;_animation&quot;:&quot;zoomIn&quot;}\" data-widget_type=\"divider.default\">\n\t\t\t\t<div class=\"elementor-widget-container\">\n\t\t\t\t\t\t\t<div class=\"elementor-divider\">\n\t\t\t<span class=\"elementor-divider-separator\">\n\t\t\t\t\t\t<\/span>\n\t\t<\/div>\n\t\t\t\t\t\t<\/div>\n\t\t\t\t<\/div>\n\t\t\t\t\t<\/div>\n\t\t<\/div>\n\t\t\t\t\t<\/div>\n\t\t<\/section>\n\t\t\t\t<section class=\"elementor-section elementor-top-section elementor-element elementor-element-6c9cffc elementor-section-boxed elementor-section-height-default elementor-section-height-default\" data-id=\"6c9cffc\" data-element_type=\"section\" data-e-type=\"section\">\n\t\t\t\t\t\t<div class=\"elementor-container elementor-column-gap-default\">\n\t\t\t\t\t<div class=\"elementor-column elementor-col-100 elementor-top-column elementor-element elementor-element-4ba52f7\" data-id=\"4ba52f7\" data-element_type=\"column\" data-e-type=\"column\">\n\t\t\t<div class=\"elementor-widget-wrap elementor-element-populated\">\n\t\t\t\t\t\t<div class=\"elementor-element elementor-element-eecd671 elementor-widget elementor-widget-image\" data-id=\"eecd671\" data-element_type=\"widget\" data-e-type=\"widget\" data-widget_type=\"image.default\">\n\t\t\t\t<div class=\"elementor-widget-container\">\n\t\t\t\t\t\t\t\t\t\t\t\t\t\t\t<img fetchpriority=\"high\" decoding=\"async\" width=\"2000\" height=\"627\" src=\"https:\/\/www.sublimesinterieurs.com\/wp-content\/uploads\/2019\/04\/contact.jpg\" class=\"attachment-full size-full wp-image-324\" alt=\"\" srcset=\"https:\/\/www.sublimesinterieurs.com\/wp-content\/uploads\/2019\/04\/contact.jpg 2000w, https:\/\/www.sublimesinterieurs.com\/wp-content\/uploads\/2019\/04\/contact-300x94.jpg 300w, https:\/\/www.sublimesinterieurs.com\/wp-content\/uploads\/2019\/04\/contact-768x241.jpg 768w, https:\/\/www.sublimesinterieurs.com\/wp-content\/uploads\/2019\/04\/contact-1024x321.jpg 1024w, https:\/\/www.sublimesinterieurs.com\/wp-content\/uploads\/2019\/04\/contact-350x110.jpg 350w\" sizes=\"100vw\" \/>\t\t\t\t\t\t\t\t\t\t\t\t\t\t\t<\/div>\n\t\t\t\t<\/div>\n\t\t\t\t\t<\/div>\n\t\t<\/div>\n\t\t\t\t\t<\/div>\n\t\t<\/section>\n\t\t\t\t<section class=\"elementor-section elementor-top-section elementor-element elementor-element-29ccf7a elementor-section-boxed elementor-section-height-default elementor-section-height-default\" data-id=\"29ccf7a\" data-element_type=\"section\" data-e-type=\"section\">\n\t\t\t\t\t\t<div class=\"elementor-container elementor-column-gap-default\">\n\t\t\t\t\t<div class=\"elementor-column elementor-col-100 elementor-top-column elementor-element elementor-element-21739a4\" data-id=\"21739a4\" data-element_type=\"column\" data-e-type=\"column\">\n\t\t\t<div class=\"elementor-widget-wrap\">\n\t\t\t\t\t\t\t<\/div>\n\t\t<\/div>\n\t\t\t\t\t<\/div>\n\t\t<\/section>\n\t\t\t\t<section class=\"elementor-section elementor-top-section elementor-element elementor-element-cadd8e1 elementor-section-boxed elementor-section-height-default elementor-section-height-default\" data-id=\"cadd8e1\" data-element_type=\"section\" data-e-type=\"section\">\n\t\t\t\t\t\t<div class=\"elementor-container elementor-column-gap-default\">\n\t\t\t\t\t<div class=\"elementor-column elementor-col-100 elementor-top-column elementor-element elementor-element-8475341\" data-id=\"8475341\" data-element_type=\"column\" data-e-type=\"column\">\n\t\t\t<div class=\"elementor-widget-wrap elementor-element-populated\">\n\t\t\t\t\t\t<div class=\"elementor-element elementor-element-0af1805 elementor-widget elementor-widget-shortcode\" data-id=\"0af1805\" data-element_type=\"widget\" data-e-type=\"widget\" data-widget_type=\"shortcode.default\">\n\t\t\t\t<div class=\"elementor-widget-container\">\n\t\t\t\t\t\t\t<div class=\"elementor-shortcode\">\n<div class=\"wpcf7 no-js\" id=\"wpcf7-f1927-o1\" lang=\"fr-FR\" dir=\"ltr\" data-wpcf7-id=\"1927\">\n<div class=\"screen-reader-response\"><p role=\"status\" aria-live=\"polite\" aria-atomic=\"true\"><\/p> <ul><\/ul><\/div>\n<form action=\"\/index.php\/wp-json\/wp\/v2\/pages\/20#wpcf7-f1927-o1\" method=\"post\" class=\"wpcf7-form init\" aria-label=\"Formulaire de contact\" novalidate=\"novalidate\" data-status=\"init\">\n<fieldset class=\"hidden-fields-container\"><input type=\"hidden\" name=\"_wpcf7\" value=\"1927\" \/><input type=\"hidden\" name=\"_wpcf7_version\" value=\"6.1.5\" \/><input type=\"hidden\" name=\"_wpcf7_locale\" value=\"fr_FR\" \/><input type=\"hidden\" name=\"_wpcf7_unit_tag\" value=\"wpcf7-f1927-o1\" \/><input type=\"hidden\" name=\"_wpcf7_container_post\" value=\"0\" \/><input type=\"hidden\" name=\"_wpcf7_posted_data_hash\" value=\"\" \/>\n<\/fieldset>\n<p><label> Votre nom<br \/>\n<span class=\"wpcf7-form-control-wrap\" data-name=\"your-name\"><input size=\"40\" maxlength=\"400\" class=\"wpcf7-form-control wpcf7-text wpcf7-validates-as-required\" autocomplete=\"name\" aria-required=\"true\" aria-invalid=\"false\" value=\"\" type=\"text\" name=\"your-name\" \/><\/span> <\/label>\n<\/p>\n<p><label> Votre e-mail<br \/>\n<span class=\"wpcf7-form-control-wrap\" data-name=\"your-email\"><input size=\"40\" maxlength=\"400\" class=\"wpcf7-form-control wpcf7-email wpcf7-validates-as-required wpcf7-text wpcf7-validates-as-email\" autocomplete=\"email\" aria-required=\"true\" aria-invalid=\"false\" value=\"\" type=\"email\" name=\"your-email\" \/><\/span> <\/label>\n<\/p>\n<p><label> Votre t\u00e9l\u00e9phone<br \/>\n<span class=\"wpcf7-form-control-wrap\" data-name=\"tel-489\"><input size=\"40\" maxlength=\"400\" class=\"wpcf7-form-control wpcf7-tel wpcf7-validates-as-required wpcf7-text wpcf7-validates-as-tel\" aria-required=\"true\" aria-invalid=\"false\" value=\"\" type=\"tel\" name=\"tel-489\" \/><\/span> <\/label>\n<\/p>\n<p><label> Objet<br \/>\n<span class=\"wpcf7-form-control-wrap\" data-name=\"your-subject\"><input size=\"40\" maxlength=\"400\" class=\"wpcf7-form-control wpcf7-text wpcf7-validates-as-required\" aria-required=\"true\" aria-invalid=\"false\" value=\"\" type=\"text\" name=\"your-subject\" \/><\/span> <\/label>\n<\/p>\n<p><label> Votre message (facultatif)<br \/>\n<span class=\"wpcf7-form-control-wrap\" data-name=\"your-message\"><textarea cols=\"40\" rows=\"10\" maxlength=\"2000\" class=\"wpcf7-form-control wpcf7-textarea\" aria-invalid=\"false\" name=\"your-message\"><\/textarea><\/span> <\/label>\n<\/p>\n<p><span class=\"wpcf7-form-control-wrap\" data-name=\"radio-713\"><span class=\"wpcf7-form-control wpcf7-radio\"><span class=\"wpcf7-list-item first last\"><label><input type=\"radio\" name=\"radio-713\" value=\"J&#039;accepte que mes informations soient utilis\u00e9es\" \/><span class=\"wpcf7-list-item-label\">J&#039;accepte que mes informations soient utilis\u00e9es<\/span><\/label><\/span><\/span><\/span>\n<\/p>\n<p><input class=\"wpcf7-form-control wpcf7-submit has-spinner\" type=\"submit\" value=\"Envoyer\" \/>\n<\/p><div class=\"wpcf7-response-output\" aria-hidden=\"true\"><\/div>\n<\/form>\n<\/div>\n<\/div>\n\t\t\t\t\t\t<\/div>\n\t\t\t\t<\/div>\n\t\t\t\t\t<\/div>\n\t\t<\/div>\n\t\t\t\t\t<\/div>\n\t\t<\/section>\n\t\t\t\t<\/div>\n\t\t","protected":false},"excerpt":{"rendered":"<p>PARLONS DE VOTRE PROJET DE R\u00c9NOVATION INT\u00c9RIEURE<\/p>\n","protected":false},"author":1,"featured_media":0,"parent":0,"menu_order":0,"comment_status":"closed","ping_status":"closed","template":"elementor_header_footer","meta":{"_uag_custom_page_level_css":"","footnotes":""},"class_list":["post-20","page","type-page","status-publish","hentry"],"yoast_head":"<!-- This site is optimized with the Yoast SEO plugin v26.9 - https:\/\/yoast.com\/product\/yoast-seo-wordpress\/ -->\n<title>Contact - Sublimes Int\u00e9rieurs By C\u00e9line<\/title>\n<meta name=\"robots\" content=\"index, follow, max-snippet:-1, max-image-preview:large, max-video-preview:-1\" \/>\n<link rel=\"canonical\" href=\"https:\/\/www.sublimesinterieurs.com\/index.php\/contact\/\" \/>\n<meta property=\"og:locale\" content=\"fr_FR\" \/>\n<meta property=\"og:type\" content=\"article\" \/>\n<meta property=\"og:title\" content=\"Contact - Sublimes Int\u00e9rieurs By C\u00e9line\" \/>\n<meta property=\"og:description\" content=\"PARLONS DE VOTRE PROJET DE R\u00c9NOVATION INT\u00c9RIEURE\" \/>\n<meta property=\"og:url\" content=\"https:\/\/www.sublimesinterieurs.com\/index.php\/contact\/\" \/>\n<meta property=\"og:site_name\" content=\"Sublimes Int\u00e9rieurs By C\u00e9line\" \/>\n<meta property=\"article:modified_time\" content=\"2024-12-03T15:41:45+00:00\" \/>\n<meta property=\"og:image\" content=\"https:\/\/www.sublimesinterieurs.com\/wp-content\/uploads\/2019\/04\/contact.jpg\" \/>\n<meta name=\"twitter:card\" content=\"summary_large_image\" \/>\n<meta name=\"twitter:label1\" content=\"Dur\u00e9e de lecture estim\u00e9e\" \/>\n\t<meta name=\"twitter:data1\" content=\"1 minute\" \/>\n<script type=\"application\/ld+json\" class=\"yoast-schema-graph\">{\"@context\":\"https:\/\/schema.org\",\"@graph\":[{\"@type\":\"WebPage\",\"@id\":\"https:\/\/www.sublimesinterieurs.com\/index.php\/contact\/\",\"url\":\"https:\/\/www.sublimesinterieurs.com\/index.php\/contact\/\",\"name\":\"Contact - Sublimes Int\u00e9rieurs By C\u00e9line\",\"isPartOf\":{\"@id\":\"https:\/\/www.sublimesinterieurs.com\/#website\"},\"primaryImageOfPage\":{\"@id\":\"https:\/\/www.sublimesinterieurs.com\/index.php\/contact\/#primaryimage\"},\"image\":{\"@id\":\"https:\/\/www.sublimesinterieurs.com\/index.php\/contact\/#primaryimage\"},\"thumbnailUrl\":\"https:\/\/www.sublimesinterieurs.com\/wp-content\/uploads\/2019\/04\/contact.jpg\",\"datePublished\":\"2019-03-17T06:01:22+00:00\",\"dateModified\":\"2024-12-03T15:41:45+00:00\",\"breadcrumb\":{\"@id\":\"https:\/\/www.sublimesinterieurs.com\/index.php\/contact\/#breadcrumb\"},\"inLanguage\":\"fr-FR\",\"potentialAction\":[{\"@type\":\"ReadAction\",\"target\":[\"https:\/\/www.sublimesinterieurs.com\/index.php\/contact\/\"]}]},{\"@type\":\"ImageObject\",\"inLanguage\":\"fr-FR\",\"@id\":\"https:\/\/www.sublimesinterieurs.com\/index.php\/contact\/#primaryimage\",\"url\":\"https:\/\/www.sublimesinterieurs.com\/wp-content\/uploads\/2019\/04\/contact.jpg\",\"contentUrl\":\"https:\/\/www.sublimesinterieurs.com\/wp-content\/uploads\/2019\/04\/contact.jpg\",\"width\":2000,\"height\":627},{\"@type\":\"BreadcrumbList\",\"@id\":\"https:\/\/www.sublimesinterieurs.com\/index.php\/contact\/#breadcrumb\",\"itemListElement\":[{\"@type\":\"ListItem\",\"position\":1,\"name\":\"Accueil\",\"item\":\"https:\/\/www.sublimesinterieurs.com\/\"},{\"@type\":\"ListItem\",\"position\":2,\"name\":\"Contact\"}]},{\"@type\":\"WebSite\",\"@id\":\"https:\/\/www.sublimesinterieurs.com\/#website\",\"url\":\"https:\/\/www.sublimesinterieurs.com\/\",\"name\":\"Sublimes Int\u00e9rieurs By C\u00e9line\",\"description\":\"Agence d&#039;architecture et de d\u00e9coration d&#039;int\u00e9rieur\",\"publisher\":{\"@id\":\"https:\/\/www.sublimesinterieurs.com\/#organization\"},\"potentialAction\":[{\"@type\":\"SearchAction\",\"target\":{\"@type\":\"EntryPoint\",\"urlTemplate\":\"https:\/\/www.sublimesinterieurs.com\/?s={search_term_string}\"},\"query-input\":{\"@type\":\"PropertyValueSpecification\",\"valueRequired\":true,\"valueName\":\"search_term_string\"}}],\"inLanguage\":\"fr-FR\"},{\"@type\":\"Organization\",\"@id\":\"https:\/\/www.sublimesinterieurs.com\/#organization\",\"name\":\"Sublimes Int\u00e9rieurs By C\u00e9line\",\"url\":\"https:\/\/www.sublimesinterieurs.com\/\",\"logo\":{\"@type\":\"ImageObject\",\"inLanguage\":\"fr-FR\",\"@id\":\"https:\/\/www.sublimesinterieurs.com\/#\/schema\/logo\/image\/\",\"url\":\"https:\/\/www.sublimesinterieurs.com\/wp-content\/uploads\/2019\/03\/cropped-cropped-favicon-1.png\",\"contentUrl\":\"https:\/\/www.sublimesinterieurs.com\/wp-content\/uploads\/2019\/03\/cropped-cropped-favicon-1.png\",\"width\":250,\"height\":250,\"caption\":\"Sublimes Int\u00e9rieurs By C\u00e9line\"},\"image\":{\"@id\":\"https:\/\/www.sublimesinterieurs.com\/#\/schema\/logo\/image\/\"}}]}<\/script>\n<!-- \/ Yoast SEO plugin. -->","yoast_head_json":{"title":"Contact - Sublimes Int\u00e9rieurs By C\u00e9line","robots":{"index":"index","follow":"follow","max-snippet":"max-snippet:-1","max-image-preview":"max-image-preview:large","max-video-preview":"max-video-preview:-1"},"canonical":"https:\/\/www.sublimesinterieurs.com\/index.php\/contact\/","og_locale":"fr_FR","og_type":"article","og_title":"Contact - Sublimes Int\u00e9rieurs By C\u00e9line","og_description":"PARLONS DE VOTRE PROJET DE R\u00c9NOVATION INT\u00c9RIEURE","og_url":"https:\/\/www.sublimesinterieurs.com\/index.php\/contact\/","og_site_name":"Sublimes Int\u00e9rieurs By C\u00e9line","article_modified_time":"2024-12-03T15:41:45+00:00","og_image":[{"url":"https:\/\/www.sublimesinterieurs.com\/wp-content\/uploads\/2019\/04\/contact.jpg","type":"","width":"","height":""}],"twitter_card":"summary_large_image","twitter_misc":{"Dur\u00e9e de lecture estim\u00e9e":"1 minute"},"schema":{"@context":"https:\/\/schema.org","@graph":[{"@type":"WebPage","@id":"https:\/\/www.sublimesinterieurs.com\/index.php\/contact\/","url":"https:\/\/www.sublimesinterieurs.com\/index.php\/contact\/","name":"Contact - Sublimes Int\u00e9rieurs By C\u00e9line","isPartOf":{"@id":"https:\/\/www.sublimesinterieurs.com\/#website"},"primaryImageOfPage":{"@id":"https:\/\/www.sublimesinterieurs.com\/index.php\/contact\/#primaryimage"},"image":{"@id":"https:\/\/www.sublimesinterieurs.com\/index.php\/contact\/#primaryimage"},"thumbnailUrl":"https:\/\/www.sublimesinterieurs.com\/wp-content\/uploads\/2019\/04\/contact.jpg","datePublished":"2019-03-17T06:01:22+00:00","dateModified":"2024-12-03T15:41:45+00:00","breadcrumb":{"@id":"https:\/\/www.sublimesinterieurs.com\/index.php\/contact\/#breadcrumb"},"inLanguage":"fr-FR","potentialAction":[{"@type":"ReadAction","target":["https:\/\/www.sublimesinterieurs.com\/index.php\/contact\/"]}]},{"@type":"ImageObject","inLanguage":"fr-FR","@id":"https:\/\/www.sublimesinterieurs.com\/index.php\/contact\/#primaryimage","url":"https:\/\/www.sublimesinterieurs.com\/wp-content\/uploads\/2019\/04\/contact.jpg","contentUrl":"https:\/\/www.sublimesinterieurs.com\/wp-content\/uploads\/2019\/04\/contact.jpg","width":2000,"height":627},{"@type":"BreadcrumbList","@id":"https:\/\/www.sublimesinterieurs.com\/index.php\/contact\/#breadcrumb","itemListElement":[{"@type":"ListItem","position":1,"name":"Accueil","item":"https:\/\/www.sublimesinterieurs.com\/"},{"@type":"ListItem","position":2,"name":"Contact"}]},{"@type":"WebSite","@id":"https:\/\/www.sublimesinterieurs.com\/#website","url":"https:\/\/www.sublimesinterieurs.com\/","name":"Sublimes Int\u00e9rieurs By C\u00e9line","description":"Agence d&#039;architecture et de d\u00e9coration d&#039;int\u00e9rieur","publisher":{"@id":"https:\/\/www.sublimesinterieurs.com\/#organization"},"potentialAction":[{"@type":"SearchAction","target":{"@type":"EntryPoint","urlTemplate":"https:\/\/www.sublimesinterieurs.com\/?s={search_term_string}"},"query-input":{"@type":"PropertyValueSpecification","valueRequired":true,"valueName":"search_term_string"}}],"inLanguage":"fr-FR"},{"@type":"Organization","@id":"https:\/\/www.sublimesinterieurs.com\/#organization","name":"Sublimes Int\u00e9rieurs By C\u00e9line","url":"https:\/\/www.sublimesinterieurs.com\/","logo":{"@type":"ImageObject","inLanguage":"fr-FR","@id":"https:\/\/www.sublimesinterieurs.com\/#\/schema\/logo\/image\/","url":"https:\/\/www.sublimesinterieurs.com\/wp-content\/uploads\/2019\/03\/cropped-cropped-favicon-1.png","contentUrl":"https:\/\/www.sublimesinterieurs.com\/wp-content\/uploads\/2019\/03\/cropped-cropped-favicon-1.png","width":250,"height":250,"caption":"Sublimes Int\u00e9rieurs By C\u00e9line"},"image":{"@id":"https:\/\/www.sublimesinterieurs.com\/#\/schema\/logo\/image\/"}}]}},"uagb_featured_image_src":{"full":false,"thumbnail":false,"medium":false,"medium_large":false,"large":false,"1536x1536":false,"2048x2048":false,"twentyseventeen-featured-image":false,"twentyseventeen-thumbnail-avatar":false,"blog-list-post-size":false},"uagb_author_info":{"display_name":"admin","author_link":"https:\/\/www.sublimesinterieurs.com\/index.php\/author\/admin\/"},"uagb_comment_info":0,"uagb_excerpt":"PARLONS DE VOTRE PROJET DE R\u00c9NOVATION INT\u00c9RIEURE","_links":{"self":[{"href":"https:\/\/www.sublimesinterieurs.com\/index.php\/wp-json\/wp\/v2\/pages\/20","targetHints":{"allow":["GET"]}}],"collection":[{"href":"https:\/\/www.sublimesinterieurs.com\/index.php\/wp-json\/wp\/v2\/pages"}],"about":[{"href":"https:\/\/www.sublimesinterieurs.com\/index.php\/wp-json\/wp\/v2\/types\/page"}],"author":[{"embeddable":true,"href":"https:\/\/www.sublimesinterieurs.com\/index.php\/wp-json\/wp\/v2\/users\/1"}],"replies":[{"embeddable":true,"href":"https:\/\/www.sublimesinterieurs.com\/index.php\/wp-json\/wp\/v2\/comments?post=20"}],"version-history":[{"count":33,"href":"https:\/\/www.sublimesinterieurs.com\/index.php\/wp-json\/wp\/v2\/pages\/20\/revisions"}],"predecessor-version":[{"id":1933,"href":"https:\/\/www.sublimesinterieurs.com\/index.php\/wp-json\/wp\/v2\/pages\/20\/revisions\/1933"}],"wp:attachment":[{"href":"https:\/\/www.sublimesinterieurs.com\/index.php\/wp-json\/wp\/v2\/media?parent=20"}],"curies":[{"name":"wp","href":"https:\/\/api.w.org\/{rel}","templated":true}]}}